{"id":323,"date":"2018-06-26T16:14:35","date_gmt":"2018-06-26T23:14:35","guid":{"rendered":"https:\/\/voviduhanhdaophapbe8.com\/?page_id=323"},"modified":"2023-09-20T20:12:47","modified_gmt":"2023-09-21T03:12:47","slug":"lich-su","status":"publish","type":"page","link":"https:\/\/voviduhanhdaophapbe8.com\/?page_id=323","title":{"rendered":"L\u1ecbch-S\u1eed"},"content":{"rendered":"<p>[vc_row][vc_column][vc_column_text]<\/p>\n<p style=\"text-align: center;\"><iframe loading=\"lazy\" title=\"YouTube video player\" src=\"https:\/\/www.youtube.com\/embed\/GH1vfp_HRO0?si=xlCHmsMsa4W9qlc1\" width=\"560\" height=\"315\" frameborder=\"0\" allowfullscreen=\"allowfullscreen\"><\/iframe><\/p>\n<p>&nbsp;<\/p>\n<p style=\"text-align: center;\"><strong>K\u00ednh m\u1eddi Qu\u00ed B\u1ea1n \u0110\u1ea1o v\u00f4 link \u1edf ph\u00eda d\u01b0\u1edbi \u0111\u1ec3 xem \u0110\u1ea1i H\u1ed9i Du H\u00e0nh \u0110\u1ea1o Ph\u00e1p n\u0103m 2019 t\u1ea1i Th\u00e1i Lan .\u00a0<\/strong><\/p>\n<p style=\"text-align: center;\"><iframe loading=\"lazy\" src=\"https:\/\/www.youtube-nocookie.com\/embed\/videoseries?list=PLQEaNHbJe_hD2Rk3ZmUKRCf8zlkXfIaYz\" width=\"560\" height=\"315\" frameborder=\"0\" allowfullscreen=\"allowfullscreen\"><\/iframe><\/p>\n<p>[\/vc_column_text][\/vc_column][\/vc_row][vc_row][vc_column][vc_column_text]<\/p>\n<h6 style=\"text-align: center;\"><strong>\u0110\u1ea1i H\u1ed9i 2018 Phnom Penh Cambodia.<br \/>\n<\/strong><\/h6>\n<p style=\"text-align: center;\"><iframe loading=\"lazy\" src=\"https:\/\/www.youtube-nocookie.com\/embed\/videoseries?list=PLQEaNHbJe_hDHhDRR_D09-vzHmumnK5Je\" width=\"560\" height=\"315\" frameborder=\"0\" allowfullscreen=\"allowfullscreen\"><\/iframe><\/p>\n<p style=\"text-align: center;\"><strong>\u0110\u1ea1i H\u1ed9i 2019 pattaya Th\u00e1i Lan .<br \/>\n<\/strong><\/p>\n<p style=\"text-align: center;\"><iframe loading=\"lazy\" src=\"https:\/\/www.youtube-nocookie.com\/embed\/videoseries?list=PLQEaNHbJe_hD2Rk3ZmUKRCf8zlkXfIaYz\" width=\"560\" height=\"315\" frameborder=\"0\" allowfullscreen=\"allowfullscreen\"><\/iframe><\/p>\n<p style=\"text-align: center;\"><img data-recalc-dims=\"1\" loading=\"lazy\" decoding=\"async\" class=\"aligncenter\" title=\"Tieu-Su_WEB\" src=\"https:\/\/i0.wp.com\/voviduhanhdaophapbe8.com\/wp-content\/uploads\/2018\/07\/Tieu-Su_WEB.jpg?resize=600%2C1000&#038;ssl=1\" alt=\"Tieu-Su_WEB\" width=\"600\" height=\"1000\" \/><br \/>\n<img data-recalc-dims=\"1\" loading=\"lazy\" decoding=\"async\" class=\"aligncenter\" title=\"2Tieu-Su_WEB\" src=\"https:\/\/i0.wp.com\/voviduhanhdaophapbe8.com\/wp-content\/uploads\/2018\/07\/2Tieu-Su_WEB.jpg?resize=600%2C1000&#038;ssl=1\" alt=\"2Tieu-Su_WEB\" width=\"600\" height=\"1000\" \/><\/p>\n<h6 style=\"text-align: center;\"><strong>B\u0103\u0301t \u0111\u00e2\u0300u t\u01b0\u0300 n\u0103m\u00a02009, \u0110\u01b0\u0301c Th\u00e2\u0300y ch\u00ednh th\u01b0\u0301c l\u00e2\u0323p ra \u0110a\u0323i H\u00f4\u0323i Du H\u00e0nh \u0110a\u0323o Ph\u00e1p do ch\u00ednh Th\u00e2\u0300y l\u00e0 Tr\u01b0\u01a1\u0309ng Ban\u00a0t\u00f4\u0309 ch\u01b0\u0301c.<\/strong><\/h6>\n<p style=\"text-align: center;\">\u00a0Sau \u0111\u00e2y l\u00e0 b\u00e0i Th\u01a1 do Th\u00e2\u0300y l\u00e0m \u0111\u00ea\u0309 kh\u01a1\u0309i \u0111\u00e2\u0300u cho \u0110a\u0323i H\u00f4\u0323i Du H\u00e0nh \u0110a\u0323o Ph\u00e1p<\/p>\n<h3 style=\"text-align: center;\">\u00a0\u0110\u1ea1i H\u1ed9i Du H\u00e0nh \u0110\u1ea1o Ph\u00e1p<\/h3>\n<p style=\"text-align: center;\">\u0110\u1ea1i La xoay chuy\u1ec3n kh\u1eafp n\u0103m ch\u00e2u<\/p>\n<p style=\"text-align: center;\">Ph\u00e1p L\u00fd V\u00f4 Vi r\u1ea5t nhi\u1ec7m m\u1ea7u<\/p>\n<p style=\"text-align: center;\">X\u00e2y d\u1ef1ng v\u00f4 c\u00f9ng trong \u0110\u1ea1o Ph\u00e1p<\/p>\n<p style=\"text-align: center;\">Qu\u00fd t\u01b0\u1edfng Tr\u1eddi cao t\u00e2m h\u00e0nh tri\u1ec3n<\/p>\n<p style=\"text-align: center;\">H\u1ecdc h\u1ecfi v\u00f4 c\u00f9ng t\u00e2m t\u1ef1 ti\u1ebfn<\/p>\n<p style=\"text-align: center;\">Ph\u1ee5c v\u1ee5 th\u00e0nh t\u00e2m, t\u00e2m t\u1ef1 gi\u00e1c<\/p>\n<p style=\"text-align: center;\">Quy\u1ebft \u0111\u1ecbnh t\u1ef1 tu ch\u1eb3ng \u0111\u1ed5i d\u1eddi<\/p>\n<p style=\"text-align: center;\">Quy y Ph\u1eadt Ph\u00e1p th\u00e0nh t\u00e2m ti\u1ebfn<\/p>\n<p style=\"text-align: center;\">H\u01b0\u1edbng v\u1ec1 Tr\u1eddi Ph\u1eadt \u00f3c s\u00e1ng choang<\/p>\n<p style=\"text-align: center;\">D\u1eb9p b\u1ecf th\u1ecb phi t\u00e2m t\u00e1nh hi\u1ec1n<\/p>\n<p style=\"text-align: center;\">Th\u1ef1c h\u00e0nh Ch\u00e1nh Ph\u00e1p t\u1ef1 \u0111\u1ea1t duy\u00ean<\/p>\n<p style=\"text-align: center;\"><em><strong>San Diego, ng\u00e0y 9 th\u00e1ng 1 n\u0103m 2009<\/strong><\/em><\/p>\n<p style=\"text-align: center;\"><em><strong>L\u01b0\u01a1ng S\u0129 H\u1eb1ng \u2013 V\u0129 Ki\u00ean<\/strong><\/em><\/p>\n<h6 style=\"text-align: center;\">Video Ng\u00e0y Th\u00e2\u0300y Tuy\u00ean B\u00f4\u0301 Khai M\u00e0n \u0110a\u0323i H\u00f4\u0323i DH\u0110P<\/h6>\n<p style=\"text-align: center;\"><iframe loading=\"lazy\" src=\"https:\/\/www.youtube.com\/embed\/mFMDBn4yidY\" width=\"560\" height=\"315\" frameborder=\"0\" allowfullscreen=\"allowfullscreen\"><\/iframe><\/p>\n<hr \/>\n<p style=\"text-align: center;\"><img data-recalc-dims=\"1\" loading=\"lazy\" decoding=\"async\" class=\"aligncenter\" title=\"But-tich-thC6A1-DHDP_EDITED_d800\" src=\"https:\/\/i0.wp.com\/voviduhanhdaophapbe8.com\/wp-content\/uploads\/2018\/06\/But-tich-thC6A1-DHDP_EDITED_d800.jpg?resize=612%2C800&#038;ssl=1\" alt=\"But-tich-thC6A1-DHDP_EDITED_d800\" width=\"612\" height=\"800\" \/><br \/>\n<img data-recalc-dims=\"1\" loading=\"lazy\" decoding=\"async\" class=\"aligncenter\" title=\"But-tich-lC3A1-thC6B0-DHDP_EDITED_enhanced_d800\" src=\"https:\/\/i0.wp.com\/voviduhanhdaophapbe8.com\/wp-content\/uploads\/2018\/06\/But-tich-lC3A1-thC6B0-DHDP_EDITED_enhanced_d800.jpg?resize=494%2C800&#038;ssl=1\" alt=\"But-tich-lC3A1-thC6B0-DHDP_EDITED_enhanced_d800\" width=\"494\" height=\"800\" \/><\/p>\n<hr \/>\n<h3 style=\"text-align: center;\">\u0110A\u0323I H\u00d4\u0323I DU HA\u0300NH \u0110A\u0323O PHA\u0301P\u200b\u200b\u200b\u200b<\/h3>\n<p style=\"text-align: center;\">\u0110\u1ea1i H\u1ed9i\u00a02009 &#8211; &#8220;Du H\u00e0nh \u0110\u1ea1o Ph\u00e1p&#8221;, Mexican Riviera &#8211; Mexico.<\/p>\n<p style=\"text-align: center;\">\u0110\u1ea1i H\u1ed9i 2010 &#8211; &#8220;Du H\u00e0nh \u0110\u1ea1o Ph\u00e1p&#8221;, Western Caribbean, America.<\/p>\n<p style=\"text-align: center;\">\u0110\u1ea1i H\u1ed9i 2011 &#8211; &#8220;Du H\u00e0nh \u0110\u1ea1o Ph\u00e1p&#8221;, Siem Reap, Cambodia.<\/p>\n<p style=\"text-align: center;\">\u0110\u1ea1i H\u1ed9i 2012 &#8211; &#8220;Du H\u00e0nh \u0110\u1ea1o Ph\u00e1p&#8221;, Phnom Penh, Cambodia.<\/p>\n<p style=\"text-align: center;\">\u0110\u1ea1i H\u1ed9i 2013 &#8211; &#8220;Du H\u00e0nh \u0110\u1ea1o Ph\u00e1p&#8221;, Bangkok, Th\u00e1i Lan.<\/p>\n<p style=\"text-align: center;\">\u0110\u1ea1i H\u1ed9i 2014 &#8211; &#8220;Du H\u00e0nh \u0110\u1ea1o Ph\u00e1p&#8221;, Siem Reap, Cambodia.<\/p>\n<p style=\"text-align: center;\">\u0110\u1ea1i H\u1ed9i 2015 &#8211; &#8220;Du H\u00e0nh \u0110\u1ea1o Ph\u00e1p&#8221;, Pakse, Laos.\u200b<\/p>\n<ul style=\"text-align: center;\">\n<li><a href=\"https:\/\/www.youtube.com\/watch?v=zoBXdqZA0I0&amp;list=PLDYAHhaUZkpgLWKeXGwBwcXApvzV8_-Iu\" target=\"_blank\" rel=\"noopener noreferrer\" data-attached-link=\"{&quot;type&quot;:&quot;Web&quot;,&quot;url&quot;:&quot;https:\/\/www.youtube.com\/watch?v=zoBXdqZA0I0&amp;list=PLDYAHhaUZkpgLWKeXGwBwcXApvzV8_-Iu&quot;,&quot;title&quot;:&quot;https:\/\/www.youtube.com\/watch?v=zoBXdqZA0I0&amp;list=PLDYAHhaUZkpgLWKeXGwBwcXApvzV8_-Iu&quot;,&quot;target&quot;:&quot;_blank&quot;}\">Video<\/a><\/li>\n<\/ul>\n<p style=\"text-align: center;\">\u0110\u1ea1i H\u1ed9i 2016 &#8211; &#8220;Du H\u00e0nh \u0110\u1ea1o Ph\u00e1p&#8221;, Sihanoukville, Cambodia.<\/p>\n<ul style=\"text-align: center;\">\n<li><a href=\"https:\/\/voviduhanhdaophapbe8.com\" data-attached-link=\"{&quot;type&quot;:&quot;Web&quot;,&quot;url&quot;:&quot;http:\/\/duhanhdaophap2016-sihanoukvill.my-free.website\/&quot;,&quot;title&quot;:&quot;http:\/\/duhanhdaophap2016-sihanoukvill.my-free.website\/&quot;}\">\u0110\u1ea1i H\u1ed9i 2016<\/a><\/li>\n<li><a href=\"https:\/\/photos.google.com\/share\/AF1QipPuJ_SHZ2McfAY9IGXgbDGQV_jagINRa3kzYGTmsA7D0clg4aMeQ7Thv9DPqkvhiA?key=UC1oWUJKRHJyT2RseW5VT0hUd2JRcDhqVldtemxn\" target=\"_blank\" rel=\"noopener noreferrer\" data-attached-link=\"{&quot;type&quot;:&quot;Web&quot;,&quot;url&quot;:&quot;https:\/\/photos.google.com\/share\/AF1QipPuJ_SHZ2McfAY9IGXgbDGQV_jagINRa3kzYGTmsA7D0clg4aMeQ7Thv9DPqkvhiA?key=UC1oWUJKRHJyT2RseW5VT0hUd2JRcDhqVldtemxn&quot;,&quot;title&quot;:&quot;https:\/\/photos.google.com\/share\/AF1QipPuJ_SHZ2McfAY9IGXgbDGQV_jagINRa3kzYGTmsA7D0clg4aMeQ7Thv9DPqkvhiA?key=UC1oWUJKRHJyT2RseW5VT0hUd2JRcDhqVldtemxn&quot;,&quot;target&quot;:&quot;_blank&quot;}\">H\u00ecnh \u1ea3nh<\/a><\/li>\n<li><a href=\"https:\/\/www.youtube.com\/watch?v=nCobsRDaj18&amp;list=PLtO2NEbIIpsn5KqQ1_VUqzIfjwKHVzTRQ\" target=\"_blank\" rel=\"noopener noreferrer\" data-attached-link=\"{&quot;type&quot;:&quot;Web&quot;,&quot;url&quot;:&quot;https:\/\/www.youtube.com\/watch?v=nCobsRDaj18&amp;list=PLtO2NEbIIpsn5KqQ1_VUqzIfjwKHVzTRQ&quot;,&quot;title&quot;:&quot;https:\/\/www.youtube.com\/watch?v=nCobsRDaj18&amp;list=PLtO2NEbIIpsn5KqQ1_VUqzIfjwKHVzTRQ&quot;,&quot;target&quot;:&quot;_blank&quot;}\">Video<\/a><\/li>\n<\/ul>\n<p style=\"text-align: center;\">\u0110\u1ea1i H\u1ed9i 2017 &#8211; &#8220;Du H\u00e0nh \u0110\u1ea1o Ph\u00e1p&#8221;, Phnom Penh, Cambodia.<\/p>\n<ul style=\"text-align: center;\">\n<li><a href=\"https:\/\/voviduhanhdaophapbe8.com\" data-attached-link=\"{&quot;type&quot;:&quot;Web&quot;,&quot;url&quot;:&quot;http:\/\/duhanhdaophap2017-phnompenh.com\/&quot;,&quot;title&quot;:&quot;http:\/\/duhanhdaophap2017-phnompenh.com\/&quot;}\">\u0110\u1ea1i H\u1ed9i 2017<\/a><\/li>\n<li><a href=\"https:\/\/photos.google.com\/share\/AF1QipOmFrcdFNhhW8G6U1KTTpnx0QhtWpUKU-rYcxNB6xtYPs9nZSns7Gqioz9AzbujWw?key=blFKZVhJaFFpZFJMM3Jrb3VBblN1QlNHOGdYTTJB\" target=\"_blank\" rel=\"noopener noreferrer\" data-attached-link=\"{&quot;type&quot;:&quot;Web&quot;,&quot;url&quot;:&quot;https:\/\/photos.google.com\/share\/AF1QipOmFrcdFNhhW8G6U1KTTpnx0QhtWpUKU-rYcxNB6xtYPs9nZSns7Gqioz9AzbujWw?key=blFKZVhJaFFpZFJMM3Jrb3VBblN1QlNHOGdYTTJB&quot;,&quot;title&quot;:&quot;https:\/\/photos.google.com\/share\/AF1QipOmFrcdFNhhW8G6U1KTTpnx0QhtWpUKU-rYcxNB6xtYPs9nZSns7Gqioz9AzbujWw?key=blFKZVhJaFFpZFJMM3Jrb3VBblN1QlNHOGdYTTJB&quot;,&quot;target&quot;:&quot;_blank&quot;}\">H\u00ecnh \u1ea3nh<\/a>\u00a0 \u00a0 \u00a0 \u00a0\u00a0\u200b<\/li>\n<li><a href=\"https:\/\/www.youtube.com\/watch?v=TFvGBhjeEuE&amp;list=PLtO2NEbIIpskrvlg80gwOAfh539D8a_uy\" target=\"_blank\" rel=\"noopener noreferrer\" data-attached-link=\"{&quot;type&quot;:&quot;Web&quot;,&quot;url&quot;:&quot;https:\/\/www.youtube.com\/watch?v=TFvGBhjeEuE&amp;list=PLtO2NEbIIpskrvlg80gwOAfh539D8a_uy&quot;,&quot;title&quot;:&quot;https:\/\/www.youtube.com\/watch?v=TFvGBhjeEuE&amp;list=PLtO2NEbIIpskrvlg80gwOAfh539D8a_uy&quot;,&quot;target&quot;:&quot;_blank&quot;}\">Video<\/a><\/li>\n<\/ul>\n<p style=\"text-align: center;\">\u0110\u1ea1i H\u1ed9i 2018 &#8211; &#8220;Du H\u00e0nh \u0110\u1ea1o Ph\u00e1p&#8221;, Phnom Penh, Cambodia.<\/p>\n<ul style=\"text-align: center;\">\n<li><a href=\"https:\/\/voviduhanhdaophapbe8.com\/\" data-attached-link=\"{&quot;type&quot;:&quot;Web&quot;,&quot;url&quot;:&quot;http:\/\/duhanhdaophap2017-phnompenh.com\/&quot;,&quot;title&quot;:&quot;http:\/\/duhanhdaophap2017-phnompenh.com\/&quot;}\">\u0110\u1ea1i H\u1ed9i 2018<\/a><\/li>\n<li><a href=\"https:\/\/www.youtube.com\/watch?v=cDCYQY3o5uQ\" target=\"_blank\" rel=\"noopener noreferrer\" data-attached-link=\"{&quot;type&quot;:&quot;Web&quot;,&quot;url&quot;:&quot;https:\/\/photos.google.com\/share\/AF1QipOmFrcdFNhhW8G6U1KTTpnx0QhtWpUKU-rYcxNB6xtYPs9nZSns7Gqioz9AzbujWw?key=blFKZVhJaFFpZFJMM3Jrb3VBblN1QlNHOGdYTTJB&quot;,&quot;title&quot;:&quot;https:\/\/photos.google.com\/share\/AF1QipOmFrcdFNhhW8G6U1KTTpnx0QhtWpUKU-rYcxNB6xtYPs9nZSns7Gqioz9AzbujWw?key=blFKZVhJaFFpZFJMM3Jrb3VBblN1QlNHOGdYTTJB&quot;,&quot;target&quot;:&quot;_blank&quot;}\">H\u00ecnh \u1ea3nh<\/a>\u00a0 \u00a0 \u00a0 \u00a0\u00a0\u200b<\/li>\n<li><a href=\"https:\/\/www.youtube.com\/watch?v=cDCYQY3o5uQ\" target=\"_blank\" rel=\"noopener noreferrer\" data-attached-link=\"{&quot;type&quot;:&quot;Web&quot;,&quot;url&quot;:&quot;https:\/\/www.youtube.com\/watch?v=TFvGBhjeEuE&amp;list=PLtO2NEbIIpskrvlg80gwOAfh539D8a_uy&quot;,&quot;title&quot;:&quot;https:\/\/www.youtube.com\/watch?v=TFvGBhjeEuE&amp;list=PLtO2NEbIIpskrvlg80gwOAfh539D8a_uy&quot;,&quot;target&quot;:&quot;_blank&quot;}\">Video<\/a><\/li>\n<\/ul>\n<hr \/>\n<h3 style=\"text-align: center;\">C\u00e1c K\u1ef3 \u0110\u1ea1i H\u1ed9i V\u00f4 Vi Qu\u1ed1c T\u1ebf<\/h3>\n<p style=\"text-align: center;\">K\u1ef3\u00a001: 1982 &#8211; &#8220;H\u1ecdc Nh\u1eabn H\u1ecdc H\u00f2a&#8221;, Long Beach, California &#8211; U.S.A.<\/p>\n<p style=\"text-align: center;\">K\u1ef3\u00a002: 1983 &#8211; &#8220;V\u1ea1n V\u1eadt Th\u00e1i B\u00ecnh&#8221;, Montr\u00e9al &#8211; Canada.<\/p>\n<p style=\"text-align: center;\">K\u1ef3\u00a003: 1984 &#8211; &#8220;Chung Thi\u1ec1n Th\u1ee9c T\u00e2m&#8221;, Jouis-en-Josas, Paris &#8211; France.<\/p>\n<p style=\"text-align: center;\">K\u1ef3\u00a004: 1985 &#8211; &#8220;\u00d0\u1ea1i H\u1ed9i Thanh T\u1ecbnh&#8221;, Long Beach, California &#8211; U.S.A.<\/p>\n<p style=\"text-align: center;\">K\u1ef3\u00a005: 1986 &#8211; &#8220;T\u00ecnh Th\u01b0\u01a1ng v\u00e0 \u00d0\u1ea1o \u00d0\u1ee9c&#8221;, Vancouver &#8211; Canada.<\/p>\n<p style=\"text-align: center;\">K\u1ef3\u00a006: 1987 &#8211; &#8220;L\u1ee5c T\u1ef1 Khai Minh&#8221;, Las Vegas, Nevada &#8211; U.S.A.<\/p>\n<p style=\"text-align: center;\">K\u1ef3\u00a007: 1988 &#8211; &#8220;T\u1ebft H\u1ed3i Sinh&#8221;, Seattle, Washington &#8211; U.S.A.<\/p>\n<p style=\"text-align: center;\">K\u1ef3\u00a008: 1989 &#8211; &#8220;\u00d0\u1ea1i H\u1ed9i Long V\u00e2n&#8221;, Oroville, California &#8211; U.S.A.<\/p>\n<p style=\"text-align: center;\">K\u1ef3\u00a009: 1990 &#8211; &#8220;H\u1ea3i V\u1eadn H\u00e0nh H\u01b0\u01a1ng&#8221; &#8211; Bahamas.<\/p>\n<p style=\"text-align: center;\">K\u1ef3\u00a010: 1991 &#8211; &#8220;H\u1ed3i Quang Ph\u1ea3n Chi\u1ebfu&#8221;, Montr\u00e9al &#8211; Canada.<\/p>\n<p style=\"text-align: center;\">K\u1ef3\u00a011: 1992 &#8211; &#8220;Du H\u00e0nh T\u1ef1 Th\u1ee9c&#8221; &#8211; Hong Kong &#8211; HongKong.<\/p>\n<p style=\"text-align: center;\">K\u1ef3\u00a012: 1993 &#8211; &#8220;\u00d0\u1ea1i H\u1ed9i T\u00e2m Linh&#8221;, Bruxelles &#8211; Belgium.<\/p>\n<p style=\"text-align: center;\">K\u1ef3\u00a013: 1994 &#8211; &#8220;\u00d0\u1ea1i H\u1ed9i K\u00ec Quan&#8221;, Lake Louise &#8211; Canada.<\/p>\n<p style=\"text-align: center;\">K\u1ef3\u00a014: 1995 &#8211; &#8220;H\u1ee3p Th\u1ee9c H\u00f2a B\u00ecnh&#8221;, Las Vegas, Nevada &#8211; U.S.A.<\/p>\n<p style=\"text-align: center;\">K\u1ef3\u00a015: 1996 &#8211; &#8220;\u00c2u \u00c1 T\u01b0\u01a1ng H\u1ed9i&#8221;, Patthaya &#8211; Thailand.<\/p>\n<p style=\"text-align: center;\">K\u1ef3\u00a016: 1997 &#8211; &#8220;H\u1ed9i T\u1ee5 T\u00e2m Linh&#8221;, Las Vegas, Nevada &#8211; U.S.A.<\/p>\n<p style=\"text-align: center;\">K\u1ef3\u00a017: 1998 &#8211; &#8220;H\u00f9ng V\u0129 Giao Li\u00ean&#8221;, Alaska &#8211; U.S.A.<\/p>\n<p style=\"text-align: center;\">K\u1ef3\u00a018: 1999 &#8211; &#8220;Duy\u00ean L\u00e0nh&#8221;, Niagara Falls &#8211; Canada.<\/p>\n<p style=\"text-align: center;\">K\u1ef3\u00a019: 2000 &#8211; &#8220;Thanh T\u1ecbnh&#8221;, Prague &#8211; Czech Republic.<\/p>\n<p style=\"text-align: center;\">K\u1ef3\u00a020: 2001 &#8211; &#8220;D\u0169ng H\u00e0nh&#8221;, Orlando, Florida &#8211; U.S.A.<\/p>\n<p style=\"text-align: center;\">K\u1ef3\u00a021: 2002 &#8211; &#8220;Kh\u00ed Gi\u1edbi T\u00ecnh Th\u01b0\u01a1ng&#8221;, Houston, Texas &#8211; U.S.A.<\/p>\n<p style=\"text-align: center;\">K\u1ef3\u00a022: 2003 &#8211; &#8220;\u00d0\u1ea1i \u00d0\u1ed3ng Tu Ti\u1ebfn&#8221;, Burlingame, California &#8211; U.S.A.<\/p>\n<p style=\"text-align: center;\">K\u1ef3\u00a023: 2004 &#8211; &#8220;T\u00ecnh Tr\u1eddi T\u1eadn \u0110\u1ed9&#8221;, Hawaii &#8211; U.S.A.<\/p>\n<p style=\"text-align: center;\">K\u1ef3\u00a024: 2005 &#8211; &#8220;H\u1ed3i Sinh Sum V\u1ea7y&#8221;, Singapore &#8211; Singapore.<\/p>\n<p style=\"text-align: center;\">K\u1ef3\u00a025: 2006 &#8211; &#8220;H\u1ed9i T\u1ee5 Vinh Quang&#8221;, Bangkok &#8211; Thailand.<\/p>\n<p style=\"text-align: center;\">K\u1ef3\u00a026: 2007 &#8211; &#8220;Th\u1ef1c H\u00e0nh Ch\u1ea5t Ph\u00e1c&#8221;, Philadelphia, Pennsylvania &#8211; U.S.A.<\/p>\n<p style=\"text-align: center;\">K\u1ef3\u00a027: 2008 &#8211; &#8220;Vi\u1ec5n Ti\u1ebfn&#8221;, Montr\u00e9al &#8211; Canada.<\/p>\n<p style=\"text-align: center;\">K\u1ef3 28 tr\u1edf \u0111i xin xem \u0110\u1ea1i H\u1ed9i Du H\u00e0nh \u0110\u1ea1o Ph\u00e1p b\u00ean tr\u00ean.<\/p>\n<p style=\"text-align: center;\">\u200bK\u00ea\u0309 t\u01b0\u0300 n\u0103m 2009, \u0110\u01b0\u0301c Th\u00e2\u0300y tuy\u00ean b\u00f4\u0301 khai ma\u0300n \u0110a\u0323i H\u00f4\u0323i\u00a0Du Ha\u0300nh \u0110a\u0323o Pha\u0301p. \u0110\u00e2y la\u0300 \u0110\u1ea1i H\u1ed9i ch\u00ednh th\u1ee9c do \u0110\u1ee9c Th\u1ea7y ch\u1ec9 \u0111\u1ecbnh, v\u00e0 \u0111\u00f3 l\u00e0 m\u00f4\u0323t bi\u00ea\u0301n c\u00f4\u0301 r\u00e2\u0301t\u00a0l\u01a1\u0301n va\u0300 r\u00e2\u0301t b\u00e2\u0301t ng\u01a1\u0300\u00a0trong c\u00f4\u0323ng \u0111\u00f4\u0300ng V\u00f4 Vi. Vi\u00ea\u0323c na\u0300y s\u1ebd \u0111\u00ea\u0309 li\u0323ch s\u01b0\u0309 l\u00e0m sa\u0301ng to\u0309 ly\u0301 do cu\u0309a vi\u00ea\u0323c ta\u0301ch r\u01a1\u0300i n\u00e0y.<\/p>\n<p>[\/vc_column_text][\/vc_column][\/vc_row]<\/p>\n","protected":false},"excerpt":{"rendered":"<p>[vc_row][vc_column][vc_column_text] &nbsp; K\u00ednh m\u1eddi Qu\u00ed B\u1ea1n \u0110\u1ea1o v\u00f4 link \u1edf ph\u00eda d\u01b0\u1edbi \u0111\u1ec3 xem \u0110\u1ea1i H\u1ed9i Du H\u00e0nh \u0110\u1ea1o Ph\u00e1p n\u0103m 2019 t\u1ea1i Th\u00e1i Lan .\u00a0 [\/vc_column_text][\/vc_column][\/vc_row][vc_row][vc_column][vc_column_text] \u0110\u1ea1i H\u1ed9i 2018 Phnom Penh Cambodia. \u0110\u1ea1i H\u1ed9i 2019 pattaya Th\u00e1i Lan . B\u0103\u0301t \u0111\u00e2\u0300u t\u01b0\u0300 n\u0103m\u00a02009, \u0110\u01b0\u0301c Th\u00e2\u0300y ch\u00ednh th\u01b0\u0301c l\u00e2\u0323p ra \u0110a\u0323i H\u00f4\u0323i Du H\u00e0nh \u0110a\u0323o [&hellip;]<\/p>\n","protected":false},"author":1,"featured_media":0,"parent":0,"menu_order":0,"comment_status":"closed","ping_status":"closed","template":"","meta":{"footnotes":""},"class_list":["post-323","page","type-page","status-publish","hentry"],"jetpack_sharing_enabled":true,"_links":{"self":[{"href":"https:\/\/voviduhanhdaophapbe8.com\/index.php?rest_route=\/wp\/v2\/pages\/323","targetHints":{"allow":["GET"]}}],"collection":[{"href":"https:\/\/voviduhanhdaophapbe8.com\/index.php?rest_route=\/wp\/v2\/pages"}],"about":[{"href":"https:\/\/voviduhanhdaophapbe8.com\/index.php?rest_route=\/wp\/v2\/types\/page"}],"author":[{"embeddable":true,"href":"https:\/\/voviduhanhdaophapbe8.com\/index.php?rest_route=\/wp\/v2\/users\/1"}],"replies":[{"embeddable":true,"href":"https:\/\/voviduhanhdaophapbe8.com\/index.php?rest_route=%2Fwp%2Fv2%2Fcomments&post=323"}],"version-history":[{"count":20,"href":"https:\/\/voviduhanhdaophapbe8.com\/index.php?rest_route=\/wp\/v2\/pages\/323\/revisions"}],"predecessor-version":[{"id":922,"href":"https:\/\/voviduhanhdaophapbe8.com\/index.php?rest_route=\/wp\/v2\/pages\/323\/revisions\/922"}],"wp:attachment":[{"href":"https:\/\/voviduhanhdaophapbe8.com\/index.php?rest_route=%2Fwp%2Fv2%2Fmedia&parent=323"}],"curies":[{"name":"wp","href":"https:\/\/api.w.org\/{rel}","templated":true}]}}