{"id":455,"date":"2018-07-13T12:51:44","date_gmt":"2018-07-13T19:51:44","guid":{"rendered":"https:\/\/voviduhanhdaophapbe8.com\/?page_id=455"},"modified":"2018-07-13T13:33:18","modified_gmt":"2018-07-13T20:33:18","slug":"loi-gioi-thieu","status":"publish","type":"page","link":"https:\/\/voviduhanhdaophapbe8.com\/?page_id=455","title":{"rendered":"L\u1eddi Gi\u1edbi Thi\u1ec7u"},"content":{"rendered":"<p class=\"pagetitle\">Ph\u00e1p l\u00fd V\u00f4 Vi Khoa H\u1ecdc Huy\u1ec1n B\u00ed Ph\u1eadt Ph\u00e1p (PLVVKHHBPP) l\u00e0 m\u1ed9t ph\u01b0\u01a1ng ph\u00e1p thi\u1ec1n kh\u00f4ng ph\u1ea3i l\u00e0 m\u1ed9t t\u00f4n gi\u00e1o n\u00ean:<\/p>\n<div class=\"column1-unit\">\n<ul>\n<li>Kh\u00f4ng \u0111\u1ed1i ngh\u1ecbch v\u1edbi b\u1ea5t c\u1ee9 m\u1ed9t t\u00f4n gi\u00e1o n\u00e0o, m\u1ed9t ch\u1ee7ng t\u1ed9c n\u00e0o, hay m\u1ed9t \u00fd th\u1ee9c h\u1ec7 n\u00e0o.<\/li>\n<li>Kh\u00f4ng c\u00f3 gi\u00e1o \u0111i\u1ec1u, kh\u00f4ng c\u00f3 gi\u00e1o ch\u1ee7, m\u00e0 ch\u1ec9 c\u00f3 ng\u01b0\u1eddi \u0111i tr\u01b0\u1edbc th\u00e0nh c\u00f4ng h\u01b0\u1edbng d\u1eabn ng\u01b0\u1eddi \u0111i sau.<\/li>\n<\/ul>\n<p align=\"justify\">Ph\u00e1p l\u00fd V\u00f4 Vi Khoa H\u1ecdc Huy\u1ec1n B\u00ed Ph\u1eadt Ph\u00e1p c\u00f2n c\u00f3 t\u00ednh ch\u1ea5t \u0111\u1ed9c l\u1eadp, th\u1ef1c t\u1ebf v\u00e0 gi\u1ea3n d\u1ecb n\u00ean:<\/p>\n<ul>\n<li>B\u1ea5t c\u1ee9 ai c\u0169ng c\u00f3 th\u1ec3 h\u00e0nh \u0111\u01b0\u1ee3c.<\/li>\n<li>H\u00e0nh gi\u1ea3 kh\u00f4ng ph\u1ea3i tu\u00e2n theo m\u1ed9t \u0111i\u1ec1u lu\u1eadt g\u00ec c\u1ea3 nh\u01b0 l\u1ec5 nghi, th\u1ee7 t\u1ee5c nh\u1eadp m\u00f4n, nguy\u1ec7t li\u1ec5m, c\u1ea5m gi\u1edbi hay s\u1ef1 b\u1eaft bu\u1ed9c ph\u1ea3i tin t\u01b0\u1edfng m\u1ed9t t\u00edn \u0111i\u1ec1u g\u00ec tr\u01b0\u1edbc.<\/li>\n<li>Kh\u00f4ng ph\u1ea3i thay \u0111\u1ed5i n\u1ebfp s\u1ed1ng h\u1eb1ng ng\u00e0y nh\u01b0 bu\u00f4n b\u00e1n, h\u1ecdc h\u00e0nh, l\u00e0m \u0103n v\u1eabn nh\u01b0 th\u01b0\u1eddng.<\/li>\n<li>Ch\u1ec9 \u0111\u00f2i h\u1ecfi h\u00e0nh gi\u1ea3 m\u1ed9t \u0111i\u1ec1u duy nh\u1ea5t l\u00e0 s\u1ef1 th\u1ef1c h\u00e0nh \u0111\u1ec1u \u0111\u1eb7n.<\/li>\n<\/ul>\n<p align=\"justify\">Sau m\u1ed9t th\u1eddi gian ng\u1eafn luy\u1ec7n t\u1eadp, h\u00e0nh gi\u1ea3 s\u1ebd \u0111\u1ea1t \u0111\u01b0\u1ee3c m\u1ed9t k\u1ebft qu\u1ea3 nh\u01b0 sau:<\/p>\n<ul>\n<li><b>V\u1ec1 th\u1ec3 ch\u1ea5t:<\/b>\u00a0Thanh l\u1ecdc b\u1ea3n th\u1ec3, s\u1ee9c kh\u1ecfe gia t\u0103ng, tr\u1ecb d\u1ee9t b\u1ec7nh nh\u1ee9c \u0111\u1ea7u, \u0111au l\u01b0ng, m\u1ea5t ng\u1ee7, \u0103n kh\u00f4ng ngon, k\u00e9m tr\u00ed nh\u1edb. Ph\u1ee5c h\u1ed3i th\u1ea7n s\u1eafc nhanh ch\u00f3ng. Ng\u01b0\u1eddi tr\u1ebb l\u1ea1i, l\u00e2u gi\u00e0.<\/li>\n<li><b>V\u1ec1 tinh th\u1ea7n:<\/b>\u00a0Tr\u1edf n\u00ean s\u00e1ng su\u1ed1t, xua \u0111u\u1ed5i phi\u1ec1n n\u00e3o, gi\u1ea3i t\u1ecfa lo \u00e2u, gi\u00fap n\u1ed9i t\u00e2m tr\u1edf l\u1ea1i thanh b\u00ecnh v\u00e0 an l\u1ea1c.<\/li>\n<li><b>V\u1ec1 t\u00e2m linh:<\/b>\u00a0Gia t\u0103ng linh c\u1ea3m t\u00f9y (theo c\u0103n c\u01a1 c\u1ee7a h\u00e0nh gi\u1ea3) gi\u1ea3i tr\u1eeb nghi\u1ec7p l\u1ef1c trong t\u00e2m th\u1ee9c, t\u1ef1 thanh l\u1ecdc t\u01b0 duy c\u1ee7a ch\u00ednh m\u00ecnh \u0111\u1ec3 \u0111\u1ea1t \u0111\u1ebfn tr\u00ecnh \u0111\u1ed9 hu\u1ec7 gi\u00e1c, t\u1ef1 gi\u1ea3i tho\u00e1t ph\u1ea7n h\u1ed3n c\u1ee7a m\u00ecnh kh\u1ecfi v\u00f2ng lu\u00e2n h\u1ed3i l\u1ee5c \u0111\u1ea1o.<\/li>\n<\/ul>\n<p align=\"justify\">Ph\u00e1p l\u00fd V\u00f4 Vi Khoa H\u1ecdc Huy\u1ec1n B\u00ed Ph\u1eadt Ph\u00e1p g\u1ed3m c\u00f3 ba ph\u00e1p ch\u00e1nh (Soi H\u1ed3n, Ph\u00e1p Lu\u00e2n Th\u01b0\u1eddng Chuy\u1ec3n, Thi\u1ec1n \u0110\u1ecbnh) v\u00e0 m\u1ed9t ph\u00e1p ph\u1ee5 (Ph\u00e1p Lu\u00e2n Chi\u1ebfu Minh) r\u1ea5t quan tr\u1ecdng \u0111\u1ec3 thanh l\u1ecdc b\u1ea3n th\u1ec3 v\u00e0 khai tri\u1ec3n t\u00e2m linh. Ngo\u00e0i ra c\u0169ng c\u00f3 nh\u1eefng ph\u00e1p h\u00e0nh th\u00eam \u0111\u1ec3 t\u1eadp luy\u1ec7n cho t\u0103ng c\u01b0\u1eddng s\u1ee9c kh\u1ecfe.<\/p>\n<p align=\"justify\">Nh\u1eefng \u0111i\u1ec3m tr\u1ecdng y\u1ebfu c\u1ee7a Ph\u00e1p l\u00fd V\u00f4 Vi s\u1ebd \u0111\u01b0\u1ee3c ch\u1ec9 d\u1eabn t\u1ec9 m\u1ec9 \u0111\u1ec3 gi\u00fap cho h\u00e0nh gi\u1ea3, n\u1ebfu b\u1ec1n t\u00e2m v\u1eefng ch\u00ed, th\u1ef1c h\u00e0nh \u0111\u1ec1u \u0111\u1eb7n h\u00e0ng ng\u00e0y, ch\u1eafc ch\u1eafn s\u1ebd thu ho\u1ea1ch k\u1ebft qu\u1ea3 mong \u01b0\u1edbc.<\/p>\n<p align=\"justify\"><b>H\u00e0nh gi\u1ea3 m\u1edbi b\u1eaft \u0111\u1ea7u t\u1eadp n\u00ean th\u1ef1c h\u00e0nh giai \u0111o\u1ea1n \u0111\u1ea7u trong v\u00f2ng s\u00e1u th\u00e1ng. Sau \u0111\u00f3 qua giai \u0111o\u1ea1n k\u1ebf ti\u1ebfp, h\u00e0nh gi\u1ea3 m\u1edbi b\u1eaft \u0111\u1ea7u v\u00e0o ph\u00e9p thi\u1ec1n \u0111\u1ecbnh.<\/b><\/p>\n<p align=\"justify\">Mu\u1ed1n \u0111\u01b0\u1ee3c k\u1ebft qu\u1ea3 t\u1ed1t, h\u00e0nh gi\u1ea3 m\u1edbi t\u1eadp thi\u1ec1n n\u00ean h\u1ecdc h\u1ecfi v\u1edbi c\u00e1c b\u1ea1n \u0111\u00e3 c\u00f3 kinh nghi\u1ec7m l\u00e2u n\u0103m \u0111\u1ec3 th\u1ef1c h\u00e0nh cho \u0111\u00fang. Th\u00eam v\u00e0o \u0111\u00f3 \u00d4ng T\u00e1m \u0111\u00e3 \u0111\u00edch th\u00e2n th\u1ef1c hi\u1ec7n m\u1ed9t cu\u1ed1n DVD, h\u01b0\u1edbng d\u1eabn v\u00e0 gi\u1ea3i th\u00edch r\u00f5 r\u00e0ng, r\u00e0nh m\u1ea1ch ph\u01b0\u01a1ng ph\u00e1p c\u00f4ng phu theo Ph\u00e1p l\u00fd V\u00f4 Vi Khoa H\u1ecdc Huy\u1ec1n B\u00ed Ph\u1eadt Ph\u00e1p n\u00e0y.\u00a0Xin li\u00ean l\u1ea1c v\u1edbi c\u00e1c\u00a0<a title=\"li\u00ean l\u1ea1c\" href=\"http:\/\/voviphatphap.org\/vn\/contact.html\">h\u1ed9i \u00e1i h\u1eefu V\u00f4 Vi<\/a>\u00a0g\u1ea7n n\u01a1i b\u1ea1n c\u01b0 ng\u1ee5 \u0111\u1ec3 l\u1ea5y t\u00e0i li\u1ec7u.<\/p>\n<p align=\"center\"><iframe loading=\"lazy\" src=\"http:\/\/www.youtube.com\/embed\/AoyCaazrpNg\" width=\"420\" height=\"315\" frameborder=\"0\" allowfullscreen=\"allowfullscreen\" data-mce-fragment=\"1\"><\/iframe><\/p>\n<div class=\"buffer\"><\/div>\n<h2 class=\"block\" align=\"center\">Nguy\u00ean L\u00fd NAM M\u00d4 A DI \u0110\u00c0 PH\u1eacT<\/h2>\n<p align=\"center\"><iframe loading=\"lazy\" src=\"http:\/\/www.youtube.com\/embed\/u4w9EHdGD5s\" width=\"420\" height=\"315\" frameborder=\"0\" allowfullscreen=\"allowfullscreen\" data-mce-fragment=\"1\"><\/iframe><\/p>\n<p>T\u00ecm hi\u1ec3u th\u00eam v\u1ec1\u00a0<a title=\"Nguy\u00ean l\u00fd Nam M\u00f4 A Di \u0110\u00e0 Ph\u1eadt\" href=\"http:\/\/voviphatphap.org\/audio\/nlnmaddp.mp3\" target=\"_self\">nguy\u00ean l\u00fd Nam M\u00f4 A Di \u0110\u00e0 Ph\u1eadt v\u00e0 c\u00e1ch ni\u1ec7m. (20 MB)<\/a><\/p>\n<\/div>\n","protected":false},"excerpt":{"rendered":"<p>Ph\u00e1p l\u00fd V\u00f4 Vi Khoa H\u1ecdc Huy\u1ec1n B\u00ed Ph\u1eadt Ph\u00e1p (PLVVKHHBPP) l\u00e0 m\u1ed9t ph\u01b0\u01a1ng ph\u00e1p thi\u1ec1n kh\u00f4ng ph\u1ea3i l\u00e0 m\u1ed9t t\u00f4n gi\u00e1o n\u00ean: Kh\u00f4ng \u0111\u1ed1i ngh\u1ecbch v\u1edbi b\u1ea5t c\u1ee9 m\u1ed9t t\u00f4n gi\u00e1o n\u00e0o, m\u1ed9t ch\u1ee7ng t\u1ed9c n\u00e0o, hay m\u1ed9t \u00fd th\u1ee9c h\u1ec7 n\u00e0o. Kh\u00f4ng c\u00f3 gi\u00e1o \u0111i\u1ec1u, kh\u00f4ng c\u00f3 gi\u00e1o ch\u1ee7, m\u00e0 ch\u1ec9 c\u00f3 ng\u01b0\u1eddi [&hellip;]<\/p>\n","protected":false},"author":1,"featured_media":0,"parent":0,"menu_order":0,"comment_status":"closed","ping_status":"closed","template":"","meta":{"footnotes":""},"class_list":["post-455","page","type-page","status-publish","hentry"],"jetpack_sharing_enabled":true,"_links":{"self":[{"href":"https:\/\/voviduhanhdaophapbe8.com\/index.php?rest_route=\/wp\/v2\/pages\/455","targetHints":{"allow":["GET"]}}],"collection":[{"href":"https:\/\/voviduhanhdaophapbe8.com\/index.php?rest_route=\/wp\/v2\/pages"}],"about":[{"href":"https:\/\/voviduhanhdaophapbe8.com\/index.php?rest_route=\/wp\/v2\/types\/page"}],"author":[{"embeddable":true,"href":"https:\/\/voviduhanhdaophapbe8.com\/index.php?rest_route=\/wp\/v2\/users\/1"}],"replies":[{"embeddable":true,"href":"https:\/\/voviduhanhdaophapbe8.com\/index.php?rest_route=%2Fwp%2Fv2%2Fcomments&post=455"}],"version-history":[{"count":2,"href":"https:\/\/voviduhanhdaophapbe8.com\/index.php?rest_route=\/wp\/v2\/pages\/455\/revisions"}],"predecessor-version":[{"id":494,"href":"https:\/\/voviduhanhdaophapbe8.com\/index.php?rest_route=\/wp\/v2\/pages\/455\/revisions\/494"}],"wp:attachment":[{"href":"https:\/\/voviduhanhdaophapbe8.com\/index.php?rest_route=%2Fwp%2Fv2%2Fmedia&parent=455"}],"curies":[{"name":"wp","href":"https:\/\/api.w.org\/{rel}","templated":true}]}}