{"id":457,"date":"2018-07-13T12:52:36","date_gmt":"2018-07-13T19:52:36","guid":{"rendered":"https:\/\/voviduhanhdaophapbe8.com\/?page_id=457"},"modified":"2018-07-13T13:27:51","modified_gmt":"2018-07-13T20:27:51","slug":"dan-nhap","status":"publish","type":"page","link":"https:\/\/voviduhanhdaophapbe8.com\/?page_id=457","title":{"rendered":"D\u1eabn Nh\u1eadp"},"content":{"rendered":"<div class=\"column1-unit\">\n<p align=\"justify\"><i>&#8220;Tu l\u00e0 tu t\u00e2m s\u1eeda t\u00e1nh \u0111\u1ec3 m\u1ed7i ng\u00e0y m\u1ed7i minh m\u1eabn s\u00e1ng su\u1ed1t h\u01a1n.&#8221;<br \/>\n&#8220;T\u00f4i l\u00e0 ng\u01b0\u1eddi t\u0103m t\u1ed1i nh\u1ea5t tr\u1ea7n gian, t\u00f4i ph\u1ea3i t\u1ef1 tu t\u1ef1 s\u1eeda l\u1ea5y t\u00f4i, t\u00f4i ph\u1ea3i ti\u1ebfn h\u00f3a, t\u00f4i ph\u1ea3i x\u00e2y d\u1ef1ng l\u1ea5y cho t\u00f4i m\u1ed9t \u00fd th\u1ee9c h\u00e0i h\u00f2a, m\u1ed9t t\u00ecnh th\u01b0\u01a1ng y\u00eau h\u1eb1ng h\u1eefu trong t\u00f4i. \u0110\u00f3 l\u00e0 h\u1ea1t kim c\u01b0\u01a1ng s\u00e1ng ch\u00f3i nh\u1ee9t. T\u00f4i ph\u1ea3i trau gi\u1ed3i, lau ch\u00f9i n\u00f3 lu\u00f4n lu\u00f4n, l\u00e0m cho n\u00f3 s\u00e1ng ng\u1eddi l\u00ean v\u00e0 m\u00e3i m\u00e3i trong s\u00e1ng.&#8221;<\/i><\/p>\n<p class=\"right\"><b><i>L\u01b0\u01a1ng S\u0129 H\u1eb1ng<\/i><\/b><\/p>\n<p>&nbsp;<\/p>\n<p align=\"justify\">Ph\u00e1p L\u00fd V\u00f4 Vi Khoa H\u1ecdc Huy\u1ec1n B\u00ed Ph\u1eadt Ph\u00e1p (PLVVKHHBPP) l\u00e0 m\u1ed9t ph\u00e1p m\u00f4n do \u00f4ng L\u01b0\u01a1ng S\u0129 H\u1eb1ng (ph\u00e1p danh V\u0129 Ki\u00ean hay \u00f4ng T\u00e1m) ph\u1ed5 truy\u1ec1n. Ng\u01b0\u1eddi ph\u00e1t minh ra PLVVKHHBPP l\u00e0 c\u1ee5 \u0110\u1ed7 Thu\u1ea7n H\u1eadu (1883 &#8211; 1967) l\u00e0 t\u00f4n s\u01b0 c\u1ee7a \u00f4ng T\u00e1m.<\/p>\n<p align=\"justify\">\u0110\u1ec3 th\u1ef1c h\u00e0nh theo V\u00f4 Vi \u0110\u1ea1i Ph\u00e1p, \u00f4ng T\u00e1m c\u00f2n nh\u1ea5n m\u1ea1nh v\u1ec1 s\u1ef1 quan tr\u1ecdng trong vi\u1ec7c th\u1ef1c hi\u1ec7n &#8220;BI TR\u00cd D\u0168NG&#8221; v\u00e0 s\u1ef1 &#8220;THANH T\u1ecaNH&#8221;.<\/p>\n<ul>\n<li>Th\u01b0\u01a1ng y\u00eau, gi\u00fap \u0111\u1ee1 ng\u01b0\u1eddi kh\u00e1c v\u1edbi ch\u00e2n t\u00e2m b\u1ea5t v\u1ee5 l\u1ee3i l\u00e0 th\u1ef1c hi\u1ec7n th\u1ec3 &#8220;BI&#8221;.<\/li>\n<li>Th\u1ef1c h\u00e0nh V\u00d4 VI \u0110\u1ea0I PH\u00c1P \u0111\u1ec3 khai m\u1edf Hu\u1ec7 T\u00e2m l\u00e0 th\u1ef1c hi\u1ec7n th\u1ec3 &#8220;TR\u00cd&#8221;.<\/li>\n<li>Hi sinh t\u00e1nh h\u01b0 t\u1eadt x\u1ea5u, vun b\u1ed3i \u0111\u1ea1o h\u1ea1nh l\u00e0 th\u1ef1c hi\u1ec7n th\u1ec3 &#8220;D\u0168NG&#8221;.<\/li>\n<\/ul>\n<p align=\"justify\">V\u00ec th\u1ebf Ph\u00e1p L\u00fd V\u00f4 Vi Khoa H\u1ecdc Huy\u1ec1n B\u00ed Ph\u1eadt Ph\u00e1p \u0111\u01b0\u1ee3c coi nh\u01b0 l\u00e0 m\u1ed9t ph\u01b0\u01a1ng ti\u1ec7n d\u1eabn ti\u1ebfn t\u00e2m linh tr\u00ean \u0111\u01b0\u1eddng tu \u0111\u1ea1o. \u0110\u1ec3 khuy\u1ebfn kh\u00edch h\u00e0nh gi\u1ea3 V\u00f4 Vi c\u00f3 m\u1ed9t tinh th\u1ea7n \u0111\u1ed9c l\u1eadp. \u00d4ng T\u00e1m d\u1ea1y r\u1eb1ng:<\/p>\n<p align=\"justify\"><i>&#8220;Ch\u00ednh m\u00ecnh l\u00e0 ng\u01b0\u1eddi tr\u1ef1c ti\u1ebfp ch\u1ecbu tr\u00e1ch nhi\u1ec7m cho s\u1ef1 thanh l\u1ecdc c\u1ee7a m\u00ecnh&#8221;.<br \/>\n&#8220;Ph\u00e1p L\u00fd V\u00f4 Vi ho\u00e0n to\u00e0n t\u1ef1 do, ch\u1ec9 trao m\u1ed9t l\u1ea7n cho h\u00e0nh gi\u1ea3 m\u00e0 th\u00f4i, v\u00e0 khi trao r\u1ed3i, ph\u00e1p n\u00e0y l\u00e0 c\u1ee7a c\u00e1c h\u00e0nh gi\u1ea3, h\u00e0nh gi\u1ea3 ph\u1ea3i t\u1ef1 tu, t\u1ef1 ti\u1ebfn, ch\u1edb kh\u00f4ng ai l\u00e0m thay cho m\u00ecnh \u0111\u01b0\u1ee3c&#8221;.<\/i>\u00a0 (Gi\u1ea3ng t\u1ea1i Thi\u1ec1n \u0111\u01b0\u1eddng Mai B\u00ecnh, Houston, 16-10-86)<\/p>\n<p align=\"justify\">\u0110\u00e2y l\u00e0 con \u0111\u01b0\u1eddng \u0111\u01b0a \u0111\u1ebfn k\u1ebft qu\u1ea3 v\u00e0 th\u00e0nh c\u00f4ng r\u1ed9ng m\u1edf cho t\u1ea5t c\u1ea3 m\u1ecdi ng\u01b0\u1eddi m\u1ecdi ho\u00e0n c\u1ea3nh, kh\u00f4ng ph\u00e2n bi\u1ec7t g\u00ec sang h\u00e8n, l\u01b0\u01a1ng thi\u1ec7n hay t\u1ed9i l\u1ed7i, mi\u1ec5n l\u00e0 h\u1ecd th\u1ef1c t\u00e2m mong mu\u1ed1n t\u00e1i t\u1ea1o m\u1ed9t cu\u1ed9c s\u1ed1ng m\u1edbi v\u00e0 \u01b0\u1edbc v\u1ecdng h\u01b0\u1edbng thi\u1ec7n.<\/p>\n<p align=\"justify\"><i>&#8220;C\u00e1c b\u1ea1n ph\u1ea3i d\u1ee5ng t\u00e2m h\u00e0nh tri\u1ec3n. C\u00e1c b\u1ea1n th\u1ea5y l\u00e0 c\u00e1c b\u1ea1n ch\u1ec9 l\u00e0 m\u1ed9t \u0111\u1ea5ng bi\u1ebft lo cho m\u00ecnh ch\u1ee9 kh\u00f4ng c\u00f3 lo cho ng\u01b0\u1eddi kh\u00e1c \u0111\u01b0\u1ee3c. S\u1eeda b\u1ea1n \u0111i m\u1edbi \u1ea3nh h\u01b0\u1edfng ng\u01b0\u1eddi kh\u00e1c. Lo c\u1ee9u b\u1ea1n tr\u01b0\u1edbc, gi\u1ea3i t\u1ecfa nh\u1eefng s\u1ef1 th\u1eafc m\u1eafc trong n\u1ed9i th\u1ee9c c\u1ee7a b\u1ea1n, vun b\u1ed3i kh\u00ed gi\u1edbi s\u1eafc b\u00e9n c\u1ee7a Th\u01b0\u1ee3ng \u0110\u1ebf l\u00e0 T\u00ecnh Th\u01b0\u01a1ng v\u00e0 \u0110\u1ea1o \u0110\u1ee9c \u0111\u1ec3 ph\u00e2n gi\u1ea3i cho m\u1ecdi n\u01a1i m\u1ecdi gi\u1edbi, \u0111\u1ec3 cho thi\u00ean h\u1ea1 t\u1ef1 ti\u1ebfn, th\u00ec c\u1ed9ng \u0111\u1ed3ng ch\u00fang ta s\u1ebd t\u1ed1t \u0111\u1eb9p h\u01a1n&#8221;.<\/i>\u00a0(T\u00ecm L\u1ebd Du D\u01b0\u01a1ng, Montr\u00e9al, ng\u00e0y 4-4-82)<\/p>\n<p align=\"justify\">L\u1eddi gi\u1ea3ng v\u1ec1 s\u1ef1 Nh\u1ecbn Nh\u1ee5c v\u00e0 Thanh T\u1ecbnh c\u1ee7a \u00f4ng T\u00e1m \u0111\u00e3 \u0111\u01b0\u1ee3c nh\u1eefng ng\u01b0\u1eddi bi\u1ebft \u00f4ng \u0111\u00f3n nh\u1eadn v\u1edbi t\u1ea5t c\u1ea3 ni\u1ec1m vui l\u1edbn lao. L\u1eddi gi\u1ea3ng c\u1ee7a \u00f4ng l\u00e0 m\u1ed9t m\u00f3n qu\u00e0 qu\u00fd cho nh\u1eefng ai c\u00f3 duy\u00ean l\u00e0nh \u0111\u01b0\u1ee3c nghe v\u00e0 th\u1ef1c h\u00e0nh theo. Cu\u1ed9c \u0111\u1eddi l\u00e0 m\u1ed9t b\u00e3i tr\u01b0\u1eddng thi \u0111\u1ec3 \u0111i\u00eau luy\u1ec7n t\u00ecnh th\u01b0\u01a1ng y\u00eau, t\u00ednh nh\u1eabn nh\u1ee5c v\u00e0 s\u1ef1 b\u1ec1n gan v\u1eefng ch\u00ed c\u1ee7a ch\u00fang ta.<\/p>\n<p align=\"justify\"><i>&#8220;M\u1ed7i ph\u1ea7n h\u1ed3n \u0111\u1ec1u ph\u1ea3i h\u1ecdc, h\u1ecdc trong thu\u1eadn c\u1ea3nh v\u00e0 trong ngh\u1ecbch c\u1ea3nh, c\u1ea3m minh thu\u1eadn ngh\u1ecbch, r\u1ed3i t\u1eeb k\u00edch \u0111\u1ed9ng v\u00e0 ph\u1ea3n \u0111\u1ed9ng m\u1edbi d\u1eabn ti\u1ebfn t\u00e2m linh. Cho n\u00ean lu\u00f4n lu\u00f4n c\u00e1c b\u1ea1n ph\u1ea3i h\u1ecdc, r\u1ed3i n\u00f3 m\u1edbi \u0111em cho c\u00e1c b\u1ea1n trong t\u00e2m th\u1ee9c, c\u00e0ng ng\u00e0y c\u00e0ng s\u00e1ng su\u1ed1t h\u01a1n v\u00e0 th\u1ea5y s\u1ef1 ngu mu\u1ed9i c\u1ee7a ch\u00ednh m\u00ecnh&#8221;.<\/i>\u00a0(T\u00ecm L\u1ebd Du D\u01b0\u01a1ng, Montr\u00e9al, ng\u00e0y 4-4-82)<\/p>\n<p align=\"justify\">\u00d4ng \u0111\u00e3 tr\u00ecnh b\u00e0y cho ch\u00fang ta con \u0111\u01b0\u1eddng \u0111\u01b0a \u0111\u1ebfn gi\u1ea3i tho\u00e1t, \u0111\u00f3 l\u00e0 con \u0111\u01b0\u1eddng duy nh\u1ee9t.<\/p>\n<p align=\"justify\">Thanh l\u1ecdc l\u1ea5y m\u00ecnh l\u00e0 t\u1ef1 tu, t\u1ef1 s\u1eeda t\u01b0 t\u01b0\u1edfng, l\u1eddi n\u00f3i, v\u00e0 h\u00e0nh \u0111\u1ed9ng c\u1ee7a m\u00ecnh (ch\u00e1nh t\u01b0 duy, ch\u00e1nh ng\u00f4n, ch\u00e1nh nghi\u1ec7p). \u0110\u1ec3 d\u1eabn ti\u1ebfn t\u00e2m linh, ch\u00fang ta ph\u1ea3i bi\u1ebft gi\u1eef g\u00ecn ba ngu\u1ed3n n\u0103ng l\u1ef1c qu\u00fd b\u00e1u trong b\u1ea3n th\u1ec3 ch\u00fang ta, \u0111\u00f3 l\u00e0 ba b\u00e1u linh tinh, kh\u00ed, th\u1ea7n.<\/p>\n<ul>\n<li><b>Tinh:<\/b>\u00a0L\u00e0 tinh ba c\u1ee7a ng\u0169 h\u00e0nh, l\u00e0 nguy\u00ean \u0111\u1ed9ng l\u1ef1c tr\u1ecdng y\u1ebfu c\u1ee7a s\u1ee9c s\u1ed1ng con ng\u01b0\u1eddi. S\u1ed1ng c\u00f3 ch\u1eebng m\u1ef1c, \u0111i\u1ec1u \u0111\u1ed9 th\u00ec m\u1edbi b\u1ea3o t\u1ed3n \u0111\u01b0\u1ee3c tinh l\u1ef1c. Ham m\u00ea s\u1eafc d\u1ee5c qu\u00e1 \u0111\u1ed9 s\u1ebd l\u00e0m suy y\u1ebfu tinh l\u1ef1c (\u0110a d\u1ee5c t\u1ed5n tinh).<\/li>\n<li><b>Kh\u00ed:<\/b>\u00a0L\u00e0 ch\u01a1n \u00e2m sanh ra h\u01a1i th\u1edf, l\u00e0 ngu\u1ed3n s\u1ed1ng c\u1ee7a con ng\u01b0\u1eddi. Con ng\u01b0\u1eddi n\u00f3i nhi\u1ec1u n\u00f3i nh\u1eefng \u0111i\u1ec1u s\u00e1i qu\u1ea5y s\u1ebd l\u00e0m hao t\u1ed5n kh\u00ed l\u1ef1c c\u1ee7a m\u00ecnh (kh\u1ea9u khai th\u1ea7n kh\u00ed t\u00e1n).<\/li>\n<li><b>Th\u1ea7n:<\/b>\u00a0L\u00e0 ch\u01a1n d\u01b0\u01a1ng sanh ra th\u1ea7n th\u1ee9c hay linh h\u1ed3n. Gi\u1eef m\u00ecnh \u1edf tr\u1ea1ng th\u00e1i thanh t\u1ecbnh th\u00ec th\u1ea7n th\u1ee9c c\u1ee7a m\u00ecnh m\u1edbi \u0111\u01b0\u1ee3c khai tri\u1ec3n ti\u1ebfn h\u00f3a. Con ng\u01b0\u1eddi lo l\u1eafng, t\u01b0\u1edfng n\u1ecd t\u01b0\u1edfng kia s\u1ebd l\u00e0m cho hao th\u1ea7n (\u0110a l\u1ef1c t\u1ed5n th\u1ea7n).<\/li>\n<\/ul>\n<p align=\"center\"><i>&#8220;Bi\u1ec3n cho l\u1eb7ng minh ch\u00e2u m\u1edbi ph\u00e1t<br \/>\nL\u00f2ng cho ri\u00eang m\u1edbi g\u1ecdi l\u00e0 th\u1ea7n&#8221;<\/i><br \/>\n(PPCP, Culver City, 7-82)<\/p>\n<p align=\"justify\">M\u1ee5c ti\u00eau c\u1ee7a Ph\u00e1p L\u00fd V\u00f4 Vi Khoa H\u1ecdc Huy\u1ec1n B\u00ed Ph\u1eadt Ph\u00e1p l\u00e0 b\u1ea3o t\u1ed3n ba nguy\u00ean n\u0103ng tinh kh\u00ed th\u1ea7n. Ngu\u1ed3n thanh \u0111i\u1ec3n nguy\u00ean th\u1ee7y n\u00e0y l\u00e0 ba kho t\u00e0ng b\u00e1u linh c\u1ee7a Hu\u1ec7 gi\u00e1c. Qua c\u00f4ng phu luy\u1ec7n \u0111\u1ea1o, ba b\u00e1u linh n\u00e0y s\u1ebd \u0111\u01b0\u1ee3c th\u0103ng hoa v\u00e0 s\u1ebd h\u1ed9i t\u1ee5 l\u1ea1i \u0111\u1ec3 k\u1ebft th\u00e0nh th\u00e1nh thai, h\u1ed3n s\u1ebd n\u01b0\u01a1ng theo \u0111\u00f3 m\u00e0 t\u00ecm v\u1ec1 c\u1ed9i nguy\u1ec1n, n\u01a1i qu\u00ea x\u01b0a ch\u1ed1n c\u0169.<\/p>\n<p align=\"justify\">Ph\u00e1p L\u00fd V\u00f4 Vi Khoa H\u1ecdc Huy\u1ec1n B\u00ed Ph\u1eadt Ph\u00e1p l\u00e0 m\u1ed9t ph\u01b0\u01a1ng ph\u00e1p th\u1ef1c h\u00e0nh v\u00e0 tr\u00ean h\u1ebft l\u00e0 ph\u1ea3i \u0111\u01b0\u1ee3c th\u1ef1c hi\u1ec7n m\u1ed9t c\u00e1ch \u0111\u1ec1u \u0111\u1eb7n. Ta c\u00f3 th\u1ec3 so s\u00e1nh Ph\u00e1p L\u00fd V\u00f4 Vi Khoa H\u1ecdc Huy\u1ec1n B\u00ed Ph\u1eadt Ph\u00e1p nh\u01b0 m\u1ed9t thuy\u1ec1n t\u1eeb, n\u00f3 s\u1ebd \u0111\u01b0a t\u00e2m th\u1ee9c ta tr\u1edf v\u1ec1 b\u00ean kia B\u1ebfn Gi\u00e1c.<\/p>\n<p align=\"justify\">Thi\u1ec1n kh\u00f4ng ph\u1ea3i l\u00e0 m\u1ed9t gi\u1ea5c m\u01a1 th\u1ea7m l\u1eb7ng, m\u00e0 c\u0169ng kh\u00f4ng ph\u1ea3i l\u00e0 m\u1ed9t s\u1ef1 tr\u1ed1ng kh\u00f4ng trong t\u00e2m th\u1ee9c, m\u00e0 l\u00e0 m\u1ed9t s\u1ef1 c\u1ed1 g\u1eafng sinh \u0111\u1ed9ng. N\u00f3 l\u00e0 m\u1ed9t li\u1ec1u thu\u1ed1c cho linh h\u1ed3n cho c\u1ea3 tinh th\u1ea7n v\u00e0 th\u1ec3 x\u00e1c. Thi\u1ec1n l\u00e0 m\u1ed9t ph\u01b0\u01a1ng ph\u00e1p c\u00f3 h\u1ec7 th\u1ed1ng gi\u00fap cho b\u1ea1n gi\u1ea3i tr\u1eeb m\u1ecdi t\u00e2m b\u1ecbnh v\u00e0 sau h\u1ebft thi\u1ec1n d\u1eabn d\u1eaft b\u1ea1n \u0111i d\u1ea7n \u0111\u1ebfn s\u1ef1 gi\u1ea3i tho\u00e1t linh h\u1ed3n trong vi\u1ec7c \u0111i t\u00ecm v\u1ec1 ngu\u1ed3n \u0111\u1ea1o.<\/p>\n<p align=\"justify\"><i>&#8220;Tu theo Ph\u00e1p L\u00fd V\u00f4 Vi l\u00e0 xu\u1ea5t ra \u0111\u1ec3 \u0111i h\u1ecdc \u0110\u1ea1o. . . M\u1ed9t \u0111\u01b0\u1eddng h\u01b0\u1edbng th\u01b0\u1ee3ng. Nh\u1ea5t l\u00ed th\u00f4ng v\u1ea1n l\u00ed minh, l\u00e0 \u0111i t\u1edbi m\u1ee5c \u0111\u00edch v\u00f4 c\u00f9ng. Ch\u00fang ta ph\u1ea3i \u00fd th\u1ee9c \u0111i\u1ec1u n\u00e0y. \u0110\u01b0\u1eddng n\u00e0o c\u0169ng tr\u1edf v\u1ec1 b\u1ebfn gi\u00e1c nh\u01b0ng ph\u1ea3i th\u1ef1c h\u00e0nh, \u0111\u00f3 l\u00e0 k\u00ec c\u00f4ng c\u1ee7a ch\u00fang ta&#8221;.<\/i>\u00a0 (Thi\u1ec1n \u0111\u01b0\u1eddng Mai B\u00ecnh)<\/p>\n<\/div>\n","protected":false},"excerpt":{"rendered":"<p>&#8220;Tu l\u00e0 tu t\u00e2m s\u1eeda t\u00e1nh \u0111\u1ec3 m\u1ed7i ng\u00e0y m\u1ed7i minh m\u1eabn s\u00e1ng su\u1ed1t h\u01a1n.&#8221; &#8220;T\u00f4i l\u00e0 ng\u01b0\u1eddi t\u0103m t\u1ed1i nh\u1ea5t tr\u1ea7n gian, t\u00f4i ph\u1ea3i t\u1ef1 tu t\u1ef1 s\u1eeda l\u1ea5y t\u00f4i, t\u00f4i ph\u1ea3i ti\u1ebfn h\u00f3a, t\u00f4i ph\u1ea3i x\u00e2y d\u1ef1ng l\u1ea5y cho t\u00f4i m\u1ed9t \u00fd th\u1ee9c h\u00e0i h\u00f2a, m\u1ed9t t\u00ecnh th\u01b0\u01a1ng y\u00eau h\u1eb1ng h\u1eefu trong t\u00f4i. [&hellip;]<\/p>\n","protected":false},"author":1,"featured_media":0,"parent":0,"menu_order":0,"comment_status":"closed","ping_status":"closed","template":"","meta":{"footnotes":""},"class_list":["post-457","page","type-page","status-publish","hentry"],"jetpack_sharing_enabled":true,"_links":{"self":[{"href":"https:\/\/voviduhanhdaophapbe8.com\/index.php?rest_route=\/wp\/v2\/pages\/457","targetHints":{"allow":["GET"]}}],"collection":[{"href":"https:\/\/voviduhanhdaophapbe8.com\/index.php?rest_route=\/wp\/v2\/pages"}],"about":[{"href":"https:\/\/voviduhanhdaophapbe8.com\/index.php?rest_route=\/wp\/v2\/types\/page"}],"author":[{"embeddable":true,"href":"https:\/\/voviduhanhdaophapbe8.com\/index.php?rest_route=\/wp\/v2\/users\/1"}],"replies":[{"embeddable":true,"href":"https:\/\/voviduhanhdaophapbe8.com\/index.php?rest_route=%2Fwp%2Fv2%2Fcomments&post=457"}],"version-history":[{"count":2,"href":"https:\/\/voviduhanhdaophapbe8.com\/index.php?rest_route=\/wp\/v2\/pages\/457\/revisions"}],"predecessor-version":[{"id":489,"href":"https:\/\/voviduhanhdaophapbe8.com\/index.php?rest_route=\/wp\/v2\/pages\/457\/revisions\/489"}],"wp:attachment":[{"href":"https:\/\/voviduhanhdaophapbe8.com\/index.php?rest_route=%2Fwp%2Fv2%2Fmedia&parent=457"}],"curies":[{"name":"wp","href":"https:\/\/api.w.org\/{rel}","templated":true}]}}